{"id":74,"date":"2018-01-14T20:01:51","date_gmt":"2018-01-14T19:01:51","guid":{"rendered":"http:\/\/litev.com\/home\/?page_id=74"},"modified":"2018-03-26T18:12:51","modified_gmt":"2018-03-26T17:12:51","slug":"dienstleistungen","status":"publish","type":"page","link":"https:\/\/litev.com\/home\/?page_id=74","title":{"rendered":"Unsere Serviceleistungen im \u00dcberblick"},"content":{"rendered":"<h6><span style=\"color: #008080;\">Literaturoptimierung und Beratung<\/span><\/h6>\n<p style=\"padding-left: 30px;\">Wir zentralisieren Ihre Bibliothek und machen aus &#8222;Schrankware&#8220; aktuelle Informations- und Wissensquellen.<br \/>\nMit uns haben Sie einen Ansprechpartner f\u00fcr Ihre gesamte Bibliothek.<\/p>\n<p style=\"padding-left: 30px;\"><strong style=\"color: #008080;\">Zentralisierung &#8211; der Schl\u00fcssel zum Erfolg<\/strong><\/p>\n<h6><span style=\"color: #008080;\"><br \/>\nInformationsbereitstellung<\/span><\/h6>\n<p style=\"padding-left: 30px;\">Wir beschaffen Ihnen alle Fachinformationen in jeder Medienform egal, ob CD\/DVD, B\u00fccher, Zeitschriften, Online-Produkte.<br \/>\n\u00dcber unseren Info-Dienst werden Sie regelm\u00e4\u00dfig \u00fcber Neuauflagen und interessante Neuerscheinungen informiert.<\/p>\n<h6><span style=\"color: #008080;\"><br \/>\nOptimierte Logistik<\/span><\/h6>\n<p style=\"padding-left: 30px;\">Von der Recherche \u00fcber die Bestellung und deren \u00dcberwachung bis zur Lieferung, alle Prozesse sind nahtlos aufeinander abgestimmt.<br \/>\nMit\u00a0Orga +, unserem variablen Liefermodell, b\u00fcndeln Sie Ihre Aktualisierungen.<br \/>\nSie entlasten damit Ihr Sekretariat und schonen die Umwelt.<\/p>\n<h6><span style=\"color: #008080;\"><br \/>\nKosten runter<\/span><\/h6>\n<p style=\"padding-left: 30px;\">Mit Konzentration auf einen Partner f\u00fcr Ihre Literatur, k\u00f6nnen wir Einsparungspotentiale aussch\u00f6pfen und umgehend umsetzen;<br \/>\ngleichzeitig steigern wir die Qualit\u00e4t unserer Betreuung. Individuelle Rechnungsmodelle, variabel strukturiert; Kombipreise,<br \/>\nAusbildungspreise; Statistiken, frei nach Ihren Vorgaben bieten Planungssicherheit, Transparenz und \u00dcbersicht.<\/p>\n<h6><span style=\"color: #008080;\"><br \/>\nUnser SSO-Portal<\/span><\/h6>\n<p style=\"padding-left: 30px;\">Mit unserem Single Sign On Server (SSO) b\u00fcndeln wir Ihre Onlinezug\u00e4nge der verschiedenen Verlage<br \/>\n(Datenbanken, Zeitschriften, Loseblattwerke, B\u00fccher etc.).<br \/>\nSie ben\u00f6tigen dazu nur <strong><span style=\"color: #008080;\">1 x Login<\/span><\/strong>\u00a0nur\u00a0<strong><span style=\"color: #008080;\">1 x Passwort<\/span><\/strong>.<\/p>\n<h6><span style=\"color: #008080;\"><br \/>\nUnser R\u00fcckruf-Service<\/span><\/h6>\n<p style=\"padding-left: 30px;\">Sie haben noch weitere Fragen oder ben\u00f6tigen noch genauere Informationen zu unseren Leistungen? Dann k\u00f6nnen Sie uns \u00fcber<br \/>\nunseren R\u00fcckruf-Service einen Wunschtermin schicken, an dem wir Sie &#8211; soweit m\u00f6glich &#8211; gerne und kostenfrei anrufen.<br \/>\n<strong><a href=\"http:\/\/litev.com\/home\/?page_id=277\">&gt;&gt;&gt;&gt;&gt; unser R\u00fcckruf-Service &lt;&lt;&lt;&lt;&lt;<\/a><\/strong><\/p>\n<p style=\"padding-left: 30px;\">Mit unserem externen Bindepartner runden wir unser Leistungsportfolio ab.<\/p>\n<p><img loading=\"lazy\" decoding=\"async\" class=\"aligncenter size-full wp-image-201\" src=\"http:\/\/litev.com\/home\/wp-content\/uploads\/2018\/01\/startbild2.png\" alt=\"\" width=\"344\" height=\"331\" srcset=\"https:\/\/litev.com\/home\/wp-content\/uploads\/2018\/01\/startbild2.png 344w, https:\/\/litev.com\/home\/wp-content\/uploads\/2018\/01\/startbild2-300x289.png 300w\" sizes=\"(max-width: 344px) 100vw, 344px\" \/><\/p>\n","protected":false},"excerpt":{"rendered":"<p>Literaturoptimierung und Beratung Wir zentralisieren Ihre Bibliothek und machen aus &#8222;Schrankware&#8220; aktuelle Informations- und Wissensquellen. Mit uns haben Sie einen Ansprechpartner f\u00fcr Ihre gesamte Bibliothek. Zentralisierung &#8211; der Schl\u00fcssel zum Erfolg Informationsbereitstellung Wir beschaffen Ihnen alle Fachinformationen in jeder Medienform<\/p>\n","protected":false},"author":1,"featured_media":210,"parent":0,"menu_order":30,"comment_status":"closed","ping_status":"closed","template":"","meta":{"footnotes":""},"_links":{"self":[{"href":"https:\/\/litev.com\/home\/index.php?rest_route=\/wp\/v2\/pages\/74"}],"collection":[{"href":"https:\/\/litev.com\/home\/index.php?rest_route=\/wp\/v2\/pages"}],"about":[{"href":"https:\/\/litev.com\/home\/index.php?rest_route=\/wp\/v2\/types\/page"}],"author":[{"embeddable":true,"href":"https:\/\/litev.com\/home\/index.php?rest_route=\/wp\/v2\/users\/1"}],"replies":[{"embeddable":true,"href":"https:\/\/litev.com\/home\/index.php?rest_route=%2Fwp%2Fv2%2Fcomments&post=74"}],"version-history":[{"count":17,"href":"https:\/\/litev.com\/home\/index.php?rest_route=\/wp\/v2\/pages\/74\/revisions"}],"predecessor-version":[{"id":466,"href":"https:\/\/litev.com\/home\/index.php?rest_route=\/wp\/v2\/pages\/74\/revisions\/466"}],"wp:featuredmedia":[{"embeddable":true,"href":"https:\/\/litev.com\/home\/index.php?rest_route=\/wp\/v2\/media\/210"}],"wp:attachment":[{"href":"https:\/\/litev.com\/home\/index.php?rest_route=%2Fwp%2Fv2%2Fmedia&parent=74"}],"curies":[{"name":"wp","href":"https:\/\/api.w.org\/{rel}","templated":true}]}}