{"id":203,"date":"2018-01-15T00:58:19","date_gmt":"2018-01-14T23:58:19","guid":{"rendered":"http:\/\/litev.com\/home\/?page_id=203"},"modified":"2018-01-19T02:53:14","modified_gmt":"2018-01-19T01:53:14","slug":"full-service","status":"publish","type":"page","link":"https:\/\/litev.com\/home\/?page_id=203","title":{"rendered":"Full Service"},"content":{"rendered":"<h6><span style=\"color: #008080;\"><strong>= umfassende Dienstleistung f\u00fcr unsere Kunden<\/strong><\/span><\/h6>\n<p>s\u00e4mtliche Modelle und Prozesse sind untereinander abgestimmt und erg\u00e4nzen sich optimal.<\/p>\n<p><span style=\"color: #008080;\"><em>Alles ist miteinander verbunden<\/em><\/span><\/p>\n<p>damit bieten wir Ihnen ma\u00dfgeschneiderte L\u00f6sungen bei der Beschaffung und Administration Ihrer Fachinformationen an.<br \/>\nWir beraten Sie individuell nach Ihrem Bedarf und Ihren Vorstellungen, zeigen Einsparungspotentiale auf (Alternativvorschl\u00e4ge, variable Kostenmodelle etc.) und organisieren und verwalten Ihre Abonnements und Bestellungen.<\/p>\n<p>Ein Ansprechpartner f\u00fcr Ihren gesamten Informationsbedarf bis zum Binden Ihrer Zeitschrift und Periodikas \u2013 damit Sie frei sind f\u00fcr Ihre eigentlichen Aufgaben.<\/p>\n<p><a href=\"http:\/\/litev.com\/home\/?page_id=74\">Unsere Serviceleistungen<\/a><\/p>\n","protected":false},"excerpt":{"rendered":"<p>= umfassende Dienstleistung f\u00fcr unsere Kunden s\u00e4mtliche Modelle und Prozesse sind untereinander abgestimmt und erg\u00e4nzen sich optimal. Alles ist miteinander verbunden damit bieten wir Ihnen ma\u00dfgeschneiderte L\u00f6sungen bei der Beschaffung und Administration Ihrer Fachinformationen an. Wir beraten Sie individuell nach<\/p>\n","protected":false},"author":1,"featured_media":206,"parent":74,"menu_order":35,"comment_status":"closed","ping_status":"closed","template":"","meta":{"footnotes":""},"_links":{"self":[{"href":"https:\/\/litev.com\/home\/index.php?rest_route=\/wp\/v2\/pages\/203"}],"collection":[{"href":"https:\/\/litev.com\/home\/index.php?rest_route=\/wp\/v2\/pages"}],"about":[{"href":"https:\/\/litev.com\/home\/index.php?rest_route=\/wp\/v2\/types\/page"}],"author":[{"embeddable":true,"href":"https:\/\/litev.com\/home\/index.php?rest_route=\/wp\/v2\/users\/1"}],"replies":[{"embeddable":true,"href":"https:\/\/litev.com\/home\/index.php?rest_route=%2Fwp%2Fv2%2Fcomments&post=203"}],"version-history":[{"count":2,"href":"https:\/\/litev.com\/home\/index.php?rest_route=\/wp\/v2\/pages\/203\/revisions"}],"predecessor-version":[{"id":208,"href":"https:\/\/litev.com\/home\/index.php?rest_route=\/wp\/v2\/pages\/203\/revisions\/208"}],"up":[{"embeddable":true,"href":"https:\/\/litev.com\/home\/index.php?rest_route=\/wp\/v2\/pages\/74"}],"wp:featuredmedia":[{"embeddable":true,"href":"https:\/\/litev.com\/home\/index.php?rest_route=\/wp\/v2\/media\/206"}],"wp:attachment":[{"href":"https:\/\/litev.com\/home\/index.php?rest_route=%2Fwp%2Fv2%2Fmedia&parent=203"}],"curies":[{"name":"wp","href":"https:\/\/api.w.org\/{rel}","templated":true}]}}